{"id":13,"date":"2023-09-15T15:56:54","date_gmt":"2023-09-15T15:56:54","guid":{"rendered":"https:\/\/soulwear.co\/?page_id=13"},"modified":"2023-11-13T15:19:10","modified_gmt":"2023-11-13T15:19:10","slug":"home","status":"publish","type":"page","link":"https:\/\/soulwear.co\/pl\/","title":{"rendered":"Home"},"content":{"rendered":"\t\t<div data-elementor-type=\"wp-page\" data-elementor-id=\"13\" class=\"elementor elementor-13\">\n\t\t\t\t<div class=\"elementor-element elementor-element-8ddd030 e-con-full e-flex wpr-particle-no wpr-jarallax-no wpr-parallax-no wpr-sticky-section-no e-con e-parent\" data-id=\"8ddd030\" data-element_type=\"container\">\n\t\t\t\t<div class=\"elementor-element elementor-element-d12a5b1 elementor-widget elementor-widget-image-carousel\" data-id=\"d12a5b1\" data-element_type=\"widget\" id=\"galeria\" data-settings=\"{&quot;slides_to_show&quot;:&quot;2&quot;,&quot;slides_to_scroll&quot;:&quot;1&quot;,&quot;lazyload&quot;:&quot;yes&quot;,&quot;pause_on_hover&quot;:&quot;no&quot;,&quot;pause_on_interaction&quot;:&quot;no&quot;,&quot;autoplay_speed&quot;:3000,&quot;speed&quot;:2500,&quot;navigation&quot;:&quot;none&quot;,&quot;autoplay&quot;:&quot;yes&quot;,&quot;infinite&quot;:&quot;yes&quot;}\" data-widget_type=\"image-carousel.default\">\n\t\t\t\t<div class=\"elementor-widget-container\">\n\t\t\t\t\t<div class=\"elementor-image-carousel-wrapper swiper\" dir=\"ltr\">\n\t\t\t<div class=\"elementor-image-carousel swiper-wrapper\" aria-live=\"off\">\n\t\t\t\t\t\t\t\t<div class=\"swiper-slide\" role=\"group\" aria-roledescription=\"slide\" aria-label=\"1 z 5\"><figure class=\"swiper-slide-inner\"><img class=\"swiper-slide-image swiper-lazy\" data-src=\"https:\/\/soulwear.co\/wp-content\/uploads\/2023\/09\/soulwear-2-jpeg.jpg\" alt=\"soulwear 2 jpeg\" \/><div class=\"swiper-lazy-preloader\"><\/div><\/figure><\/div><div class=\"swiper-slide\" role=\"group\" aria-roledescription=\"slide\" aria-label=\"2 z 5\"><figure class=\"swiper-slide-inner\"><img class=\"swiper-slide-image swiper-lazy\" data-src=\"https:\/\/soulwear.co\/wp-content\/uploads\/2023\/09\/soulwear-18-jpeg-1.jpg\" alt=\"soulwear 18 jpeg\" \/><div class=\"swiper-lazy-preloader\"><\/div><\/figure><\/div><div class=\"swiper-slide\" role=\"group\" aria-roledescription=\"slide\" aria-label=\"3 z 5\"><figure class=\"swiper-slide-inner\"><img class=\"swiper-slide-image swiper-lazy\" data-src=\"https:\/\/soulwear.co\/wp-content\/uploads\/2023\/09\/soulwear-8-jpeg-1.jpg\" alt=\"soulwear 8 jpeg\" \/><div class=\"swiper-lazy-preloader\"><\/div><\/figure><\/div><div class=\"swiper-slide\" role=\"group\" aria-roledescription=\"slide\" aria-label=\"4 z 5\"><figure class=\"swiper-slide-inner\"><img class=\"swiper-slide-image swiper-lazy\" data-src=\"https:\/\/soulwear.co\/wp-content\/uploads\/2023\/09\/soulwear-32-jpeg-1.jpg\" alt=\"soulwear 32 jpeg\" \/><div class=\"swiper-lazy-preloader\"><\/div><\/figure><\/div><div class=\"swiper-slide\" role=\"group\" aria-roledescription=\"slide\" aria-label=\"5 z 5\"><figure class=\"swiper-slide-inner\"><img class=\"swiper-slide-image swiper-lazy\" data-src=\"https:\/\/soulwear.co\/wp-content\/uploads\/2023\/09\/soulwear-142-jpeg-1.jpg\" alt=\"soulwear 142 jpeg\" \/><div class=\"swiper-lazy-preloader\"><\/div><\/figure><\/div>\t\t\t<\/div>\n\t\t\t\t\t\t\t\n\t\t\t\t\t\t\t\t\t<\/div>\n\t\t\t\t<\/div>\n\t\t\t\t<\/div>\n\t\t\t\t<\/div>\n\t\t<div class=\"elementor-element elementor-element-1097df8 e-flex e-con-boxed wpr-particle-no wpr-jarallax-no wpr-parallax-no wpr-sticky-section-no e-con e-parent\" data-id=\"1097df8\" data-element_type=\"container\">\n\t\t\t\t\t<div class=\"e-con-inner\">\n\t\t\t\t<div class=\"elementor-element elementor-element-74ccd63 elementor-widget elementor-widget-heading\" data-id=\"74ccd63\" data-element_type=\"widget\" data-widget_type=\"heading.default\">\n\t\t\t\t<div class=\"elementor-widget-container\">\n\t\t\t<h2 class=\"elementor-heading-title elementor-size-default\">Znajd\u017a produkt dla siebie<\/h2>\t\t<\/div>\n\t\t\t\t<\/div>\n\t\t\t\t<div class=\"elementor-element elementor-element-074e239 wpr-grid-columns-3 wpr-grid-columns--tablet2 wpr-grid-columns--mobile1 wpr-item-styles-inner elementor-widget elementor-widget-wpr-woo-grid\" data-id=\"074e239\" data-element_type=\"widget\" id=\"produkty-home\" data-widget_type=\"wpr-woo-grid.default\">\n\t\t\t\t<div class=\"elementor-widget-container\">\n\t\t\t<ul class=\"wpr-grid-filters elementor-clearfix wpr-grid-filters-sep-right\"><li class=\" wpr-pointer-none wpr-pointer-line-fx wpr-pointer-fx-none\"><a  href=\"https:\/\/soulwear.co\/pl\/kategoria-produktu\/woman\/\" data-filter=\".product_cat-woman\">Woman<\/a><em class=\"wpr-grid-filters-sep\"><\/em><\/li><li class=\" wpr-pointer-none wpr-pointer-line-fx wpr-pointer-fx-none\"><a  href=\"https:\/\/soulwear.co\/pl\/kategoria-produktu\/man\/\" data-filter=\".product_cat-man\">Man<\/a><em class=\"wpr-grid-filters-sep\"><\/em><\/li><li class=\" wpr-pointer-none wpr-pointer-line-fx wpr-pointer-fx-none\"><a  href=\"https:\/\/soulwear.co\/pl\/kategoria-produktu\/kimono\/\" data-filter=\".product_cat-kimono\">Kimono<\/a><em class=\"wpr-grid-filters-sep\"><\/em><\/li><li class=\" wpr-pointer-none wpr-pointer-line-fx wpr-pointer-fx-none\"><a  href=\"https:\/\/soulwear.co\/pl\/kategoria-produktu\/set\/\" data-filter=\".product_cat-set\">Set<\/a><em class=\"wpr-grid-filters-sep\"><\/em><\/li><\/ul><section class=\"wpr-grid elementor-clearfix\" data-settings=\"{&quot;layout&quot;:&quot;fitRows&quot;,&quot;stick_last_element_to_bottom&quot;:&quot;&quot;,&quot;columns_desktop&quot;:3,&quot;gutter_hr&quot;:20,&quot;gutter_hr_mobile&quot;:20,&quot;gutter_hr_mobile_extra&quot;:20,&quot;gutter_hr_tablet&quot;:20,&quot;gutter_hr_tablet_extra&quot;:20,&quot;gutter_hr_laptop&quot;:20,&quot;gutter_hr_widescreen&quot;:20,&quot;gutter_vr&quot;:30,&quot;gutter_vr_mobile&quot;:30,&quot;gutter_vr_mobile_extra&quot;:30,&quot;gutter_vr_tablet&quot;:30,&quot;gutter_vr_tablet_extra&quot;:30,&quot;gutter_vr_laptop&quot;:30,&quot;gutter_vr_widescreen&quot;:30,&quot;animation&quot;:&quot;default&quot;,&quot;animation_duration&quot;:0.3,&quot;animation_delay&quot;:0.1,&quot;deeplinking&quot;:&quot;&quot;,&quot;filters_linkable&quot;:&quot;yes&quot;,&quot;filters_default_filter&quot;:&quot;&quot;,&quot;filters_count&quot;:&quot;&quot;,&quot;filters_hide_empty&quot;:&quot;no&quot;,&quot;filters_animation&quot;:&quot;zoom&quot;,&quot;filters_animation_duration&quot;:0.3,&quot;filters_animation_delay&quot;:0.1,&quot;pagination_type&quot;:&quot;default&quot;,&quot;pagination_max_pages&quot;:7,&quot;lightbox&quot;:{&quot;selector&quot;:&quot;.wpr-grid-image-wrap&quot;,&quot;iframeMaxWidth&quot;:&quot;60%&quot;,&quot;hash&quot;:false,&quot;autoplay&quot;:&quot;true&quot;,&quot;pause&quot;:5000,&quot;progressBar&quot;:&quot;true&quot;,&quot;counter&quot;:&quot;true&quot;,&quot;controls&quot;:&quot;true&quot;,&quot;getCaptionFromTitleOrAlt&quot;:&quot;true&quot;,&quot;thumbnail&quot;:&quot;&quot;,&quot;showThumbByDefault&quot;:&quot;&quot;,&quot;share&quot;:&quot;&quot;,&quot;zoom&quot;:&quot;true&quot;,&quot;fullScreen&quot;:&quot;true&quot;,&quot;download&quot;:&quot;true&quot;}}\" data-found-posts = 20><article class=\"wpr-grid-item elementor-clearfix post-1045 product type-product status-publish has-post-thumbnail product_cat-woman first instock shipping-taxable purchasable product-type-simple\"><div class=\"wpr-grid-item-inner\"><div class=\"wpr-grid-media-wrap wpr-effect-size-medium \" data-overlay-link=\"yes\"><div class=\"wpr-grid-image-wrap\" data-src=\"https:\/\/soulwear.co\/wp-content\/uploads\/2024\/08\/29.02-SoulWear5974.jpg\"  data-img-on-hover=\"\" data-src-secondary=\"\"><img decoding=\"async\" src=\"https:\/\/soulwear.co\/wp-content\/uploads\/2024\/08\/29.02-SoulWear5974.jpg\" alt=\"LONG BLACK SOUL DRESS\" class=\"wpr-anim-timing-ease-default\"><\/div><div class=\"wpr-grid-media-hover wpr-animation-wrap\"><div class=\"wpr-grid-media-hover-bg  wpr-overlay-fade-in wpr-anim-size-large wpr-anim-timing-linear wpr-anim-transparency\" data-url=\"https:\/\/soulwear.co\/pl\/produkt\/long-black-soul-dress\/\"><\/div><\/div><\/div><div class=\"wpr-grid-item-below-content elementor-clearfix\"><h2 class=\"wpr-grid-item-title elementor-repeater-item-d644058 wpr-grid-item-display-block wpr-grid-item-align-center wpr-pointer-none wpr-pointer-line-fx wpr-pointer-fx-fade\"><div class=\"inner-block\"><a target=\"_self\"   href=\"https:\/\/soulwear.co\/pl\/produkt\/long-black-soul-dress\/\">LONG BLACK SOUL DRESS<\/a><\/div><\/h2><div class=\"wpr-grid-item-price elementor-repeater-item-255a69e wpr-grid-item-display-block wpr-grid-item-align-center\"><div class=\"inner-block\"><span><span class=\"woocommerce-Price-amount amount\">980&nbsp;<span class=\"woocommerce-Price-currencySymbol\">&#122;&#322;<\/span><\/span><\/span><\/div><\/div><\/div><\/div><\/article><article class=\"wpr-grid-item elementor-clearfix post-1044 product type-product status-publish has-post-thumbnail product_cat-woman  instock shipping-taxable purchasable product-type-simple\"><div class=\"wpr-grid-item-inner\"><div class=\"wpr-grid-media-wrap wpr-effect-size-medium \" data-overlay-link=\"yes\"><div class=\"wpr-grid-image-wrap\" data-src=\"https:\/\/soulwear.co\/wp-content\/uploads\/2024\/08\/29.02-SoulWear5710-1.jpg\"  data-img-on-hover=\"\" data-src-secondary=\"\"><img decoding=\"async\" src=\"https:\/\/soulwear.co\/wp-content\/uploads\/2024\/08\/29.02-SoulWear5710-1.jpg\" alt=\"LONG BEIGE SOUL DRESS\" class=\"wpr-anim-timing-ease-default\"><\/div><div class=\"wpr-grid-media-hover wpr-animation-wrap\"><div class=\"wpr-grid-media-hover-bg  wpr-overlay-fade-in wpr-anim-size-large wpr-anim-timing-linear wpr-anim-transparency\" data-url=\"https:\/\/soulwear.co\/pl\/produkt\/long-beige-soul-dress\/\"><\/div><\/div><\/div><div class=\"wpr-grid-item-below-content elementor-clearfix\"><h2 class=\"wpr-grid-item-title elementor-repeater-item-d644058 wpr-grid-item-display-block wpr-grid-item-align-center wpr-pointer-none wpr-pointer-line-fx wpr-pointer-fx-fade\"><div class=\"inner-block\"><a target=\"_self\"   href=\"https:\/\/soulwear.co\/pl\/produkt\/long-beige-soul-dress\/\">LONG BEIGE SOUL DRESS<\/a><\/div><\/h2><div class=\"wpr-grid-item-price elementor-repeater-item-255a69e wpr-grid-item-display-block wpr-grid-item-align-center\"><div class=\"inner-block\"><span><span class=\"woocommerce-Price-amount amount\">980&nbsp;<span class=\"woocommerce-Price-currencySymbol\">&#122;&#322;<\/span><\/span><\/span><\/div><\/div><\/div><\/div><\/article><article class=\"wpr-grid-item elementor-clearfix post-1035 product type-product status-publish has-post-thumbnail product_cat-kimono product_cat-woman  instock shipping-taxable purchasable product-type-simple\"><div class=\"wpr-grid-item-inner\"><div class=\"wpr-grid-media-wrap wpr-effect-size-medium \" data-overlay-link=\"yes\"><div class=\"wpr-grid-image-wrap\" data-src=\"https:\/\/soulwear.co\/wp-content\/uploads\/2023\/09\/soulwear-65-jpeg.jpg\"  data-img-on-hover=\"\" data-src-secondary=\"\"><img decoding=\"async\" src=\"https:\/\/soulwear.co\/wp-content\/uploads\/2023\/09\/soulwear-65-jpeg.jpg\" alt=\"Kimono niebieskie damskie\" class=\"wpr-anim-timing-ease-default\"><\/div><div class=\"wpr-grid-media-hover wpr-animation-wrap\"><div class=\"wpr-grid-media-hover-bg  wpr-overlay-fade-in wpr-anim-size-large wpr-anim-timing-linear wpr-anim-transparency\" data-url=\"https:\/\/soulwear.co\/pl\/produkt\/kimono-niebieskie-damskie-2\/\"><\/div><\/div><\/div><div class=\"wpr-grid-item-below-content elementor-clearfix\"><h2 class=\"wpr-grid-item-title elementor-repeater-item-d644058 wpr-grid-item-display-block wpr-grid-item-align-center wpr-pointer-none wpr-pointer-line-fx wpr-pointer-fx-fade\"><div class=\"inner-block\"><a target=\"_self\"   href=\"https:\/\/soulwear.co\/pl\/produkt\/kimono-niebieskie-damskie-2\/\">Kimono niebieskie damskie<\/a><\/div><\/h2><div class=\"wpr-grid-item-price elementor-repeater-item-255a69e wpr-grid-item-display-block wpr-grid-item-align-center\"><div class=\"inner-block\"><span><span class=\"woocommerce-Price-amount amount\">880&nbsp;<span class=\"woocommerce-Price-currencySymbol\">&#122;&#322;<\/span><\/span><\/span><\/div><\/div><\/div><\/div><\/article><\/section>\t\t<\/div>\n\t\t\t\t<\/div>\n\t\t\t\t<div class=\"elementor-element elementor-element-95e502b wpr-button-icon-style-inline wpr-button-icon-position-right elementor-widget elementor-widget-wpr-button\" data-id=\"95e502b\" data-element_type=\"widget\" data-widget_type=\"wpr-button.default\">\n\t\t\t\t<div class=\"elementor-widget-container\">\n\t\t\t\t\n\t\t\t\n\t\t\n\t\t<div class=\"wpr-button-wrap elementor-clearfix\">\n\t\t<a class=\"wpr-button wpr-button-effect wpr-button-none\" data-text=\"Go\" href=\"\/sklep-shop\">\n\t\t\t\n\t\t\t<span class=\"wpr-button-content\">\n\t\t\t\t\t\t\t\t\t<span class=\"wpr-button-text\">Go to shop for more<\/span>\n\t\t\t\t\t\t\t\t\n\t\t\t\t\t\t\t<\/span>\n\t\t<\/a>\n\n\t\t\t\t<\/div>\n\t\n\t\n\t\t\t<\/div>\n\t\t\t\t<\/div>\n\t\t\t\t\t<\/div>\n\t\t\t\t<\/div>\n\t\t<div class=\"elementor-element elementor-element-a2c14c6 e-flex e-con-boxed wpr-particle-no wpr-jarallax-no wpr-parallax-no wpr-sticky-section-no e-con e-parent\" data-id=\"a2c14c6\" data-element_type=\"container\">\n\t\t\t\t\t<div class=\"e-con-inner\">\n\t\t<div class=\"elementor-element elementor-element-2aa5f71 e-con-full e-flex wpr-particle-no wpr-jarallax-no wpr-parallax-no wpr-sticky-section-no e-con e-child\" data-id=\"2aa5f71\" data-element_type=\"container\" data-settings=\"{&quot;background_background&quot;:&quot;gradient&quot;}\">\n\t\t\t\t<div class=\"elementor-element elementor-element-a4548e5 elementor-widget elementor-widget-heading\" data-id=\"a4548e5\" data-element_type=\"widget\" data-widget_type=\"heading.default\">\n\t\t\t\t<div class=\"elementor-widget-container\">\n\t\t\t<h2 class=\"elementor-heading-title elementor-size-default\">O marce<\/h2>\t\t<\/div>\n\t\t\t\t<\/div>\n\t\t\t\t<div class=\"elementor-element elementor-element-9f56ad6 elementor-widget elementor-widget-text-editor\" data-id=\"9f56ad6\" data-element_type=\"widget\" data-widget_type=\"text-editor.default\">\n\t\t\t\t<div class=\"elementor-widget-container\">\n\t\t\t\t\t\t\tMarka Soulwear powsta\u0142a z mi\u0142o\u015bci do prostoty, \npi\u0119kna, elegancji, ciszy i wygody. Kimona, kt\u00f3re s\u0105 g\u0142\u00f3wn\u0105 \nods\u0142on\u0105 marki kojarz\u0105 mi si\u0119 z wolno\u015bci\u0105, a wolno\u015b\u0107 to kolektyw\nducha, cia\u0142a i umys\u0142u- to po\u0142\u0105czenie z samym sob\u0105.\t\t\t\t\t\t<\/div>\n\t\t\t\t<\/div>\n\t\t\t\t<div class=\"elementor-element elementor-element-d9cce17 wpr-button-icon-style-inline wpr-button-icon-position-right elementor-widget elementor-widget-wpr-button\" data-id=\"d9cce17\" data-element_type=\"widget\" data-widget_type=\"wpr-button.default\">\n\t\t\t\t<div class=\"elementor-widget-container\">\n\t\t\t\t\n\t\t\t\n\t\t\n\t\t<div class=\"wpr-button-wrap elementor-clearfix\">\n\t\t<a class=\"wpr-button wpr-button-effect wpr-button-none\" data-text=\"Go\" href=\"\/o-marce-about\">\n\t\t\t\n\t\t\t<span class=\"wpr-button-content\">\n\t\t\t\t\t\t\t\t\t<span class=\"wpr-button-text\">find out more<\/span>\n\t\t\t\t\t\t\t\t\n\t\t\t\t\t\t\t<\/span>\n\t\t<\/a>\n\n\t\t\t\t<\/div>\n\t\n\t\n\t\t\t<\/div>\n\t\t\t\t<\/div>\n\t\t\t\t<\/div>\n\t\t<div class=\"elementor-element elementor-element-ff41529 e-con-full e-flex wpr-particle-no wpr-jarallax-no wpr-parallax-no wpr-sticky-section-no e-con e-child\" data-id=\"ff41529\" data-element_type=\"container\">\n\t\t\t\t<div class=\"elementor-element elementor-element-12b3768 elementor-widget elementor-widget-image\" data-id=\"12b3768\" data-element_type=\"widget\" data-widget_type=\"image.default\">\n\t\t\t\t<div class=\"elementor-widget-container\">\n\t\t\t\t\t\t\t\t\t\t\t\t\t<img fetchpriority=\"high\" decoding=\"async\" width=\"1706\" height=\"2560\" src=\"https:\/\/soulwear.co\/wp-content\/uploads\/2023\/09\/28.030652-scaled.jpg\" class=\"attachment-full size-full wp-image-177 wvs-archive-product-image\" alt=\"\" srcset=\"https:\/\/soulwear.co\/wp-content\/uploads\/2023\/09\/28.030652-scaled.jpg 1706w, https:\/\/soulwear.co\/wp-content\/uploads\/2023\/09\/28.030652-scaled-300x450.jpg 300w, https:\/\/soulwear.co\/wp-content\/uploads\/2023\/09\/28.030652-scaled-600x900.jpg 600w, https:\/\/soulwear.co\/wp-content\/uploads\/2023\/09\/28.030652-200x300.jpg 200w, https:\/\/soulwear.co\/wp-content\/uploads\/2023\/09\/28.030652-683x1024.jpg 683w, https:\/\/soulwear.co\/wp-content\/uploads\/2023\/09\/28.030652-768x1152.jpg 768w, https:\/\/soulwear.co\/wp-content\/uploads\/2023\/09\/28.030652-1024x1536.jpg 1024w, https:\/\/soulwear.co\/wp-content\/uploads\/2023\/09\/28.030652-1365x2048.jpg 1365w\" sizes=\"(max-width: 1706px) 100vw, 1706px\" \/>\t\t\t\t\t\t\t\t\t\t\t\t\t<\/div>\n\t\t\t\t<\/div>\n\t\t\t\t<\/div>\n\t\t\t\t\t<\/div>\n\t\t\t\t<\/div>\n\t\t<div class=\"elementor-element elementor-element-a606800 e-flex e-con-boxed wpr-particle-no wpr-jarallax-no wpr-parallax-no wpr-sticky-section-no e-con e-parent\" data-id=\"a606800\" data-element_type=\"container\">\n\t\t\t\t\t<div class=\"e-con-inner\">\n\t\t<div class=\"elementor-element elementor-element-10d7c0d e-con-full e-flex wpr-particle-no wpr-jarallax-no wpr-parallax-no wpr-sticky-section-no e-con e-child\" data-id=\"10d7c0d\" data-element_type=\"container\">\n\t\t\t\t<div class=\"elementor-element elementor-element-ad9ff42 elementor-widget elementor-widget-image\" data-id=\"ad9ff42\" data-element_type=\"widget\" data-widget_type=\"image.default\">\n\t\t\t\t<div class=\"elementor-widget-container\">\n\t\t\t\t\t\t\t\t\t\t\t\t\t<img decoding=\"async\" width=\"800\" height=\"534\" src=\"https:\/\/soulwear.co\/wp-content\/uploads\/2023\/10\/28.030326-jpeg-1024x683.jpg\" class=\"attachment-large size-large wp-image-553 wvs-archive-product-image\" alt=\"\" srcset=\"https:\/\/soulwear.co\/wp-content\/uploads\/2023\/10\/28.030326-jpeg-1024x683.jpg 1024w, https:\/\/soulwear.co\/wp-content\/uploads\/2023\/10\/28.030326-jpeg-300x200.jpg 300w, https:\/\/soulwear.co\/wp-content\/uploads\/2023\/10\/28.030326-jpeg-768x512.jpg 768w, https:\/\/soulwear.co\/wp-content\/uploads\/2023\/10\/28.030326-jpeg-600x400.jpg 600w, https:\/\/soulwear.co\/wp-content\/uploads\/2023\/10\/28.030326-jpeg.jpg 1344w\" sizes=\"(max-width: 800px) 100vw, 800px\" \/>\t\t\t\t\t\t\t\t\t\t\t\t\t<\/div>\n\t\t\t\t<\/div>\n\t\t\t\t<\/div>\n\t\t<div class=\"elementor-element elementor-element-d65c92e e-con-full e-flex wpr-particle-no wpr-jarallax-no wpr-parallax-no wpr-sticky-section-no e-con e-child\" data-id=\"d65c92e\" data-element_type=\"container\">\n\t\t\t\t<div class=\"elementor-element elementor-element-b0158d0 elementor-widget elementor-widget-heading\" data-id=\"b0158d0\" data-element_type=\"widget\" data-widget_type=\"heading.default\">\n\t\t\t\t<div class=\"elementor-widget-container\">\n\t\t\t<h2 class=\"elementor-heading-title elementor-size-default\">The lookbook<\/h2>\t\t<\/div>\n\t\t\t\t<\/div>\n\t\t\t\t<div class=\"elementor-element elementor-element-11e203d wpr-button-icon-style-inline wpr-button-icon-position-right elementor-widget elementor-widget-wpr-button\" data-id=\"11e203d\" data-element_type=\"widget\" data-widget_type=\"wpr-button.default\">\n\t\t\t\t<div class=\"elementor-widget-container\">\n\t\t\t\t\n\t\t\t\n\t\t\n\t\t<div class=\"wpr-button-wrap elementor-clearfix\">\n\t\t<a class=\"wpr-button wpr-button-effect wpr-button-none\" data-text=\"Go\" href=\"\/lookbook\">\n\t\t\t\n\t\t\t<span class=\"wpr-button-content\">\n\t\t\t\t\t\t\t\t\t<span class=\"wpr-button-text\">Browse now<\/span>\n\t\t\t\t\t\t\t\t\n\t\t\t\t\t\t\t<\/span>\n\t\t<\/a>\n\n\t\t\t\t<\/div>\n\t\n\t\n\t\t\t<\/div>\n\t\t\t\t<\/div>\n\t\t\t\t<\/div>\n\t\t\t\t\t<\/div>\n\t\t\t\t<\/div>\n\t\t\t\t<\/div>\n\t\t","protected":false},"excerpt":{"rendered":"<p>Znajd\u017a produkt dla siebie Woman Man Kimono Set Kimono z guziczkami rose 2,000.00&nbsp;&#122;&#322; Kimono z guziczkami czarne 2,000.00&nbsp;&#122;&#322; Set be\u017cowy d\u0142ugi damski 900.00&nbsp;&#122;&#322; Go to shop for more O marce Marka Soulwear powsta\u0142a z mi\u0142o\u015bci do prostoty, pi\u0119kna, elegancji, ciszy i wygody. Kimona, kt\u00f3re s\u0105 g\u0142\u00f3wn\u0105 ods\u0142on\u0105 marki kojarz\u0105 mi si\u0119 z wolno\u015bci\u0105, a wolno\u015b\u0107 to kolektyw ducha, cia\u0142a i umys\u0142u- to po\u0142\u0105czenie z samym sob\u0105. find out more The lookbook Browse now<\/p>\n","protected":false},"author":1,"featured_media":0,"parent":0,"menu_order":0,"comment_status":"closed","ping_status":"closed","template":"elementor_header_footer","meta":{"footnotes":""},"class_list":["post-13","page","type-page","status-publish","hentry"],"_links":{"self":[{"href":"https:\/\/soulwear.co\/pl\/wp-json\/wp\/v2\/pages\/13"}],"collection":[{"href":"https:\/\/soulwear.co\/pl\/wp-json\/wp\/v2\/pages"}],"about":[{"href":"https:\/\/soulwear.co\/pl\/wp-json\/wp\/v2\/types\/page"}],"author":[{"embeddable":true,"href":"https:\/\/soulwear.co\/pl\/wp-json\/wp\/v2\/users\/1"}],"replies":[{"embeddable":true,"href":"https:\/\/soulwear.co\/pl\/wp-json\/wp\/v2\/comments?post=13"}],"version-history":[{"count":130,"href":"https:\/\/soulwear.co\/pl\/wp-json\/wp\/v2\/pages\/13\/revisions"}],"predecessor-version":[{"id":780,"href":"https:\/\/soulwear.co\/pl\/wp-json\/wp\/v2\/pages\/13\/revisions\/780"}],"wp:attachment":[{"href":"https:\/\/soulwear.co\/pl\/wp-json\/wp\/v2\/media?parent=13"}],"curies":[{"name":"wp","href":"https:\/\/api.w.org\/{rel}","templated":true}]}}