{"id":15,"date":"2023-09-15T15:57:17","date_gmt":"2023-09-15T15:57:17","guid":{"rendered":"https:\/\/soulwear.co\/?page_id=15"},"modified":"2023-11-13T15:19:44","modified_gmt":"2023-11-13T15:19:44","slug":"o-marce-about","status":"publish","type":"page","link":"https:\/\/soulwear.co\/pl\/o-marce-about\/","title":{"rendered":"O marce \/ About"},"content":{"rendered":"\t\t<div data-elementor-type=\"wp-page\" data-elementor-id=\"15\" class=\"elementor elementor-15\">\n\t\t\t\t<div class=\"elementor-element elementor-element-31baae7 e-flex e-con-boxed wpr-particle-no wpr-jarallax-no wpr-parallax-no wpr-sticky-section-no e-con e-parent\" data-id=\"31baae7\" data-element_type=\"container\">\n\t\t\t\t\t<div class=\"e-con-inner\">\n\t\t<div class=\"elementor-element elementor-element-9f066a0 e-con-full e-flex wpr-particle-no wpr-jarallax-no wpr-parallax-no wpr-sticky-section-no e-con e-child\" data-id=\"9f066a0\" data-element_type=\"container\" data-settings=\"{&quot;background_background&quot;:&quot;gradient&quot;}\">\n\t\t\t\t<div class=\"elementor-element elementor-element-e0ff809 elementor-widget elementor-widget-heading\" data-id=\"e0ff809\" data-element_type=\"widget\" data-widget_type=\"heading.default\">\n\t\t\t\t<div class=\"elementor-widget-container\">\n\t\t\t<h2 class=\"elementor-heading-title elementor-size-default\">O marce<\/h2>\t\t<\/div>\n\t\t\t\t<\/div>\n\t\t\t\t<div class=\"elementor-element elementor-element-77963c1 elementor-widget elementor-widget-text-editor\" data-id=\"77963c1\" data-element_type=\"widget\" data-widget_type=\"text-editor.default\">\n\t\t\t\t<div class=\"elementor-widget-container\">\n\t\t\t\t\t\t\tMarka Soulwear powsta\u0142a z mi\u0142o\u015bci do prostoty, \npi\u0119kna, elegancji, ciszy i wygody. Kimona, kt\u00f3re s\u0105 g\u0142\u00f3wn\u0105 \nods\u0142on\u0105 marki kojarz\u0105 mi si\u0119 z wolno\u015bci\u0105, a wolno\u015b\u0107 to kolektyw\nducha, cia\u0142a i umys\u0142u- to po\u0142\u0105czenie z samym sob\u0105.\t\t\t\t\t\t<\/div>\n\t\t\t\t<\/div>\n\t\t\t\t<div class=\"elementor-element elementor-element-53a1b95 elementor-widget elementor-widget-text-editor\" data-id=\"53a1b95\" data-element_type=\"widget\" data-widget_type=\"text-editor.default\">\n\t\t\t\t<div class=\"elementor-widget-container\">\n\t\t\t\t\t\t\tKr\u00f3j kimon to r\u00f3wnowaga kobiecej i m\u0119skiej energii , st\u0105d \nuniwersalna rozmiar\u00f3wka- unisex. Do uszycia kimon \nwybra\u0142am szlachetny,  biodegradowalny materia\u0142 o nazwie \ntencel, kt\u00f3ry ma w\u0142a\u015bciwo\u015bci bawe\u0142ny i jedwabiu, jest \nhipoalergiczny i elegancki.\t\t\t\t\t\t<\/div>\n\t\t\t\t<\/div>\n\t\t\t\t<div class=\"elementor-element elementor-element-cf2dbde elementor-widget elementor-widget-text-editor\" data-id=\"cf2dbde\" data-element_type=\"widget\" data-widget_type=\"text-editor.default\">\n\t\t\t\t<div class=\"elementor-widget-container\">\n\t\t\t\t\t\t\tW kolekcji dost\u0119pne s\u0105 r\u00f3wnie\u017c damskie sety- kt\u00f3re mo\u017cna \ndowolnie \u0142\u0105czy\u0107 z ka\u017cdym kolorem kimona i jest to \u015bwietna \npropozycja na minimalny zestaw wyjazdowy- ka\u017cdy element \n\u015bwietnie do siebie pasuje- less means more.\t\t\t\t\t\t<\/div>\n\t\t\t\t<\/div>\n\t\t\t\t<div class=\"elementor-element elementor-element-01b7331 elementor-widget elementor-widget-text-editor\" data-id=\"01b7331\" data-element_type=\"widget\" data-widget_type=\"text-editor.default\">\n\t\t\t\t<div class=\"elementor-widget-container\">\n\t\t\t\t\t\t\tUbierz swoje cia\u0142o w lekko\u015b\u0107, wolno\u015b\u0107, prostot\u0119, elegancj\u0119 i \npi\u0119kno.\nBe aware- Soulwear\nBy Agamo\t\t\t\t\t\t<\/div>\n\t\t\t\t<\/div>\n\t\t\t\t<div class=\"elementor-element elementor-element-077fc32 wpr-button-icon-style-inline wpr-button-icon-position-right elementor-widget elementor-widget-wpr-button\" data-id=\"077fc32\" data-element_type=\"widget\" data-widget_type=\"wpr-button.default\">\n\t\t\t\t<div class=\"elementor-widget-container\">\n\t\t\t\t\n\t\t\t\n\t\t\n\t\t<div class=\"wpr-button-wrap elementor-clearfix\">\n\t\t<a class=\"wpr-button wpr-button-effect wpr-button-none\" data-text=\"Go\" href=\"\/sklep-shop\">\n\t\t\t\n\t\t\t<span class=\"wpr-button-content\">\n\t\t\t\t\t\t\t\t\t<span class=\"wpr-button-text\">shop now<\/span>\n\t\t\t\t\t\t\t\t\n\t\t\t\t\t\t\t<\/span>\n\t\t<\/a>\n\n\t\t\t\t<\/div>\n\t\n\t\n\t\t\t<\/div>\n\t\t\t\t<\/div>\n\t\t\t\t<\/div>\n\t\t<div class=\"elementor-element elementor-element-fd79f31 e-con-full e-flex wpr-particle-no wpr-jarallax-no wpr-parallax-no wpr-sticky-section-no e-con e-child\" data-id=\"fd79f31\" data-element_type=\"container\">\n\t\t\t\t<div class=\"elementor-element elementor-element-8b53f2e elementor-widget elementor-widget-image\" data-id=\"8b53f2e\" data-element_type=\"widget\" data-widget_type=\"image.default\">\n\t\t\t\t<div class=\"elementor-widget-container\">\n\t\t\t\t\t\t\t\t\t\t\t\t\t<img fetchpriority=\"high\" decoding=\"async\" width=\"1706\" height=\"2560\" src=\"https:\/\/soulwear.co\/wp-content\/uploads\/2023\/09\/28.030652-scaled.jpg\" class=\"attachment-full size-full wp-image-177 wvs-archive-product-image\" alt=\"\" srcset=\"https:\/\/soulwear.co\/wp-content\/uploads\/2023\/09\/28.030652-scaled.jpg 1706w, https:\/\/soulwear.co\/wp-content\/uploads\/2023\/09\/28.030652-scaled-300x450.jpg 300w, https:\/\/soulwear.co\/wp-content\/uploads\/2023\/09\/28.030652-scaled-600x900.jpg 600w, https:\/\/soulwear.co\/wp-content\/uploads\/2023\/09\/28.030652-200x300.jpg 200w, https:\/\/soulwear.co\/wp-content\/uploads\/2023\/09\/28.030652-683x1024.jpg 683w, https:\/\/soulwear.co\/wp-content\/uploads\/2023\/09\/28.030652-768x1152.jpg 768w, https:\/\/soulwear.co\/wp-content\/uploads\/2023\/09\/28.030652-1024x1536.jpg 1024w, https:\/\/soulwear.co\/wp-content\/uploads\/2023\/09\/28.030652-1365x2048.jpg 1365w\" sizes=\"(max-width: 1706px) 100vw, 1706px\" \/>\t\t\t\t\t\t\t\t\t\t\t\t\t<\/div>\n\t\t\t\t<\/div>\n\t\t\t\t<\/div>\n\t\t\t\t\t<\/div>\n\t\t\t\t<\/div>\n\t\t\t\t<\/div>\n\t\t","protected":false},"excerpt":{"rendered":"<p>O marce Marka Soulwear powsta\u0142a z mi\u0142o\u015bci do prostoty, pi\u0119kna, elegancji, ciszy i wygody. Kimona, kt\u00f3re s\u0105 g\u0142\u00f3wn\u0105 ods\u0142on\u0105 marki kojarz\u0105 mi si\u0119 z wolno\u015bci\u0105, a wolno\u015b\u0107 to kolektyw ducha, cia\u0142a i umys\u0142u- to po\u0142\u0105czenie z samym sob\u0105.Kr\u00f3j kimon to r\u00f3wnowaga kobiecej i m\u0119skiej energii , st\u0105d uniwersalna rozmiar\u00f3wka- unisex. Do uszycia kimon wybra\u0142am szlachetny, biodegradowalny materia\u0142 o nazwie tencel, kt\u00f3ry ma w\u0142a\u015bciwo\u015bci bawe\u0142ny i jedwabiu, jest hipoalergiczny i elegancki.W kolekcji dost\u0119pne s\u0105 r\u00f3wnie\u017c damskie sety- kt\u00f3re mo\u017cna dowolnie \u0142\u0105czy\u0107 z ka\u017cdym kolorem kimona i jest to \u015bwietna propozycja na minimalny zestaw wyjazdowy- ka\u017cdy element \u015bwietnie do siebie pasuje- less means more.Ubierz swoje cia\u0142o w lekko\u015b\u0107, wolno\u015b\u0107, prostot\u0119, elegancj\u0119 i pi\u0119kno. Be aware- Soulwear By Agamo shop now<\/p>\n","protected":false},"author":1,"featured_media":0,"parent":0,"menu_order":0,"comment_status":"closed","ping_status":"closed","template":"elementor_header_footer","meta":{"footnotes":""},"class_list":["post-15","page","type-page","status-publish","hentry"],"_links":{"self":[{"href":"https:\/\/soulwear.co\/pl\/wp-json\/wp\/v2\/pages\/15"}],"collection":[{"href":"https:\/\/soulwear.co\/pl\/wp-json\/wp\/v2\/pages"}],"about":[{"href":"https:\/\/soulwear.co\/pl\/wp-json\/wp\/v2\/types\/page"}],"author":[{"embeddable":true,"href":"https:\/\/soulwear.co\/pl\/wp-json\/wp\/v2\/users\/1"}],"replies":[{"embeddable":true,"href":"https:\/\/soulwear.co\/pl\/wp-json\/wp\/v2\/comments?post=15"}],"version-history":[{"count":22,"href":"https:\/\/soulwear.co\/pl\/wp-json\/wp\/v2\/pages\/15\/revisions"}],"predecessor-version":[{"id":783,"href":"https:\/\/soulwear.co\/pl\/wp-json\/wp\/v2\/pages\/15\/revisions\/783"}],"wp:attachment":[{"href":"https:\/\/soulwear.co\/pl\/wp-json\/wp\/v2\/media?parent=15"}],"curies":[{"name":"wp","href":"https:\/\/api.w.org\/{rel}","templated":true}]}}