{"id":344,"date":"2023-09-19T18:48:56","date_gmt":"2023-09-19T18:48:56","guid":{"rendered":"https:\/\/soulwear.co\/?page_id=344"},"modified":"2023-09-19T18:53:59","modified_gmt":"2023-09-19T18:53:59","slug":"koszyk","status":"publish","type":"page","link":"https:\/\/soulwear.co\/pl\/koszyk\/","title":{"rendered":"Koszyk"},"content":{"rendered":"\t\t<div data-elementor-type=\"wp-page\" data-elementor-id=\"344\" class=\"elementor elementor-344\">\n\t\t\t\t<div class=\"elementor-element elementor-element-9205856 e-flex e-con-boxed wpr-particle-no wpr-jarallax-no wpr-parallax-no wpr-sticky-section-no e-con e-parent\" data-id=\"9205856\" data-element_type=\"container\">\n\t\t\t\t\t<div class=\"e-con-inner\">\n\t\t\t\t<div class=\"elementor-element elementor-element-fa465d8 elementor-widget elementor-widget-heading\" data-id=\"fa465d8\" data-element_type=\"widget\" data-widget_type=\"heading.default\">\n\t\t\t\t<div class=\"elementor-widget-container\">\n\t\t\t<h2 class=\"elementor-heading-title elementor-size-default\">Tw\u00f3j koszyk<\/h2>\t\t<\/div>\n\t\t\t\t<\/div>\n\t\t\t\t\t<\/div>\n\t\t\t\t<\/div>\n\t\t\t\t<\/div>\n\t\t","protected":false},"excerpt":{"rendered":"<p>Tw\u00f3j koszyk &nbsp; Produkt &nbsp; Cena Ilo\u015b\u0107 Kwota &times; Set be\u017cowy d\u0142ugi damski 100.00&nbsp;&#122;&#322; ilo\u015b\u0107 Set be\u017cowy d\u0142ugi damski 100.00&nbsp;&#122;&#322; Zaktualizuj Zatwierd\u017a Podsumowanie Kwota 100.00&nbsp;&#122;&#322; \u0141\u0105cznie 100.00&nbsp;&#122;&#322; Przejd\u017a do p\u0142atno\u015bci<\/p>\n","protected":false},"author":1,"featured_media":0,"parent":0,"menu_order":0,"comment_status":"closed","ping_status":"closed","template":"elementor_header_footer","meta":{"footnotes":""},"class_list":["post-344","page","type-page","status-publish","hentry"],"_links":{"self":[{"href":"https:\/\/soulwear.co\/pl\/wp-json\/wp\/v2\/pages\/344"}],"collection":[{"href":"https:\/\/soulwear.co\/pl\/wp-json\/wp\/v2\/pages"}],"about":[{"href":"https:\/\/soulwear.co\/pl\/wp-json\/wp\/v2\/types\/page"}],"author":[{"embeddable":true,"href":"https:\/\/soulwear.co\/pl\/wp-json\/wp\/v2\/users\/1"}],"replies":[{"embeddable":true,"href":"https:\/\/soulwear.co\/pl\/wp-json\/wp\/v2\/comments?post=344"}],"version-history":[{"count":10,"href":"https:\/\/soulwear.co\/pl\/wp-json\/wp\/v2\/pages\/344\/revisions"}],"predecessor-version":[{"id":357,"href":"https:\/\/soulwear.co\/pl\/wp-json\/wp\/v2\/pages\/344\/revisions\/357"}],"wp:attachment":[{"href":"https:\/\/soulwear.co\/pl\/wp-json\/wp\/v2\/media?parent=344"}],"curies":[{"name":"wp","href":"https:\/\/api.w.org\/{rel}","templated":true}]}}