{"id":1035,"date":"2024-08-12T14:33:03","date_gmt":"2024-08-12T14:33:03","guid":{"rendered":"https:\/\/soulwear.co\/?post_type=product&#038;p=1035"},"modified":"2024-10-02T14:30:08","modified_gmt":"2024-10-02T14:30:08","slug":"kimono-niebieskie-damskie-2","status":"publish","type":"product","link":"https:\/\/soulwear.co\/pl\/produkt\/kimono-niebieskie-damskie-2\/","title":{"rendered":"Kimono niebieskie damskie"},"content":{"rendered":"<p>W zestawie pasek, woreczek do paska , torba na kimono<br \/>\nMateria\u0142: 100 % tencel<\/p>\n<p>Modelka ma 1.73m wzrostu i nosi rozmiar XS\/M<br \/>\nIstnieje mo\u017cliwo\u015b\u0107 skr\u00f3cenia kimona na \u017cyczenie<\/p>\n","protected":false},"excerpt":{"rendered":"<p>W zestawie pasek, woreczek do paska , torba na kimono Materia\u0142: 100 % tencel Modelka ma 1.73m wzrostu i nosi rozmiar XS\/M Istnieje mo\u017cliwo\u015b\u0107 skr\u00f3cenia kimona na \u017cyczenie<\/p>\n","protected":false},"featured_media":91,"comment_status":"open","ping_status":"closed","template":"","meta":[],"product_cat":[16,19],"product_tag":[],"class_list":{"0":"post-1035","1":"product","2":"type-product","3":"status-publish","4":"has-post-thumbnail","6":"product_cat-woman","7":"product_cat-kimono","9":"first","10":"instock","11":"shipping-taxable","12":"purchasable","13":"product-type-simple"},"_links":{"self":[{"href":"https:\/\/soulwear.co\/pl\/wp-json\/wp\/v2\/product\/1035"}],"collection":[{"href":"https:\/\/soulwear.co\/pl\/wp-json\/wp\/v2\/product"}],"about":[{"href":"https:\/\/soulwear.co\/pl\/wp-json\/wp\/v2\/types\/product"}],"replies":[{"embeddable":true,"href":"https:\/\/soulwear.co\/pl\/wp-json\/wp\/v2\/comments?post=1035"}],"wp:featuredmedia":[{"embeddable":true,"href":"https:\/\/soulwear.co\/pl\/wp-json\/wp\/v2\/media\/91"}],"wp:attachment":[{"href":"https:\/\/soulwear.co\/pl\/wp-json\/wp\/v2\/media?parent=1035"}],"wp:term":[{"taxonomy":"product_cat","embeddable":true,"href":"https:\/\/soulwear.co\/pl\/wp-json\/wp\/v2\/product_cat?post=1035"},{"taxonomy":"product_tag","embeddable":true,"href":"https:\/\/soulwear.co\/pl\/wp-json\/wp\/v2\/product_tag?post=1035"}],"curies":[{"name":"wp","href":"https:\/\/api.w.org\/{rel}","templated":true}]}}