{"id":1044,"date":"2024-08-13T08:15:37","date_gmt":"2024-08-13T08:15:37","guid":{"rendered":"https:\/\/soulwear.co\/?post_type=product&#038;p=1044"},"modified":"2024-10-02T12:13:05","modified_gmt":"2024-10-02T12:13:05","slug":"long-beige-soul-dress","status":"publish","type":"product","link":"https:\/\/soulwear.co\/pl\/produkt\/long-beige-soul-dress\/","title":{"rendered":"LONG BEIGE SOUL DRESS"},"content":{"rendered":"<div>\n<p>D\u0142uga sukienka z pi\u0119knie wyci\u0119tymi plecami<\/p>\n<\/div>\n<div>\n<p>ONE SIZE<\/p>\n<\/div>\n<div>\n<p>Idealna na wiecz\u00f3r wyj\u015bcia i na pla\u017ce<\/p>\n<\/div>\n<div>\n<p>Modelka ma 1.73 i nosi rozmiar XS<\/p>\n<\/div>\n<div>\n<p>Mo\u017cliwo\u015b\u0107 skr\u00f3cenia d\u0142ugo\u015bci i rami\u0105czek sukienki na \u017cyczenie<\/p>\n<\/div>\n<div>\n<p>BE AWARE<\/p>\n<\/div>\n","protected":false},"excerpt":{"rendered":"<div><\/div>\n<div>\n<p>&nbsp;<\/p>\n<\/div>\n<div>\n<p>&nbsp;<\/p>\n<\/div>\n","protected":false},"featured_media":1006,"comment_status":"open","ping_status":"closed","template":"","meta":[],"product_cat":[16],"product_tag":[],"class_list":{"0":"post-1044","1":"product","2":"type-product","3":"status-publish","4":"has-post-thumbnail","6":"product_cat-woman","8":"first","9":"instock","10":"shipping-taxable","11":"purchasable","12":"product-type-simple"},"_links":{"self":[{"href":"https:\/\/soulwear.co\/pl\/wp-json\/wp\/v2\/product\/1044"}],"collection":[{"href":"https:\/\/soulwear.co\/pl\/wp-json\/wp\/v2\/product"}],"about":[{"href":"https:\/\/soulwear.co\/pl\/wp-json\/wp\/v2\/types\/product"}],"replies":[{"embeddable":true,"href":"https:\/\/soulwear.co\/pl\/wp-json\/wp\/v2\/comments?post=1044"}],"wp:featuredmedia":[{"embeddable":true,"href":"https:\/\/soulwear.co\/pl\/wp-json\/wp\/v2\/media\/1006"}],"wp:attachment":[{"href":"https:\/\/soulwear.co\/pl\/wp-json\/wp\/v2\/media?parent=1044"}],"wp:term":[{"taxonomy":"product_cat","embeddable":true,"href":"https:\/\/soulwear.co\/pl\/wp-json\/wp\/v2\/product_cat?post=1044"},{"taxonomy":"product_tag","embeddable":true,"href":"https:\/\/soulwear.co\/pl\/wp-json\/wp\/v2\/product_tag?post=1044"}],"curies":[{"name":"wp","href":"https:\/\/api.w.org\/{rel}","templated":true}]}}