{"id":156,"date":"2023-09-15T16:38:16","date_gmt":"2023-09-15T16:38:16","guid":{"rendered":"https:\/\/soulwear.co\/?post_type=product&#038;p=156"},"modified":"2024-10-02T14:49:38","modified_gmt":"2024-10-02T14:49:38","slug":"kimono-szare-meskie","status":"publish","type":"product","link":"https:\/\/soulwear.co\/pl\/produkt\/kimono-szare-meskie\/","title":{"rendered":"Kimono szare m\u0119skie"},"content":{"rendered":"<p>W zestawie pasek, woreczek do paska , torba na kimono<br \/>\nMateria\u0142: 100% tencel<\/p>\n<p>Model ma 1.90m wzrostu i nosi rozmiar L\/M<br \/>\nIstnieje mo\u017cliwo\u015b\u0107 skr\u00f3cenia kimona na \u017cyczenie<\/p>\n","protected":false},"excerpt":{"rendered":"<p>W zestawie pasek, woreczek do paska , torba na kimono Materia\u0142: 100% tencel Model ma 1.90m wzrostu i nosi rozmiar L\/M Istnieje mo\u017cliwo\u015b\u0107 skr\u00f3cenia kimona na \u017cyczenie<\/p>\n","protected":false},"featured_media":50,"comment_status":"open","ping_status":"closed","template":"","meta":[],"product_cat":[18,19],"product_tag":[],"class_list":{"0":"post-156","1":"product","2":"type-product","3":"status-publish","4":"has-post-thumbnail","6":"product_cat-man","7":"product_cat-kimono","9":"first","10":"instock","11":"shipping-taxable","12":"purchasable","13":"product-type-simple"},"_links":{"self":[{"href":"https:\/\/soulwear.co\/pl\/wp-json\/wp\/v2\/product\/156"}],"collection":[{"href":"https:\/\/soulwear.co\/pl\/wp-json\/wp\/v2\/product"}],"about":[{"href":"https:\/\/soulwear.co\/pl\/wp-json\/wp\/v2\/types\/product"}],"replies":[{"embeddable":true,"href":"https:\/\/soulwear.co\/pl\/wp-json\/wp\/v2\/comments?post=156"}],"wp:featuredmedia":[{"embeddable":true,"href":"https:\/\/soulwear.co\/pl\/wp-json\/wp\/v2\/media\/50"}],"wp:attachment":[{"href":"https:\/\/soulwear.co\/pl\/wp-json\/wp\/v2\/media?parent=156"}],"wp:term":[{"taxonomy":"product_cat","embeddable":true,"href":"https:\/\/soulwear.co\/pl\/wp-json\/wp\/v2\/product_cat?post=156"},{"taxonomy":"product_tag","embeddable":true,"href":"https:\/\/soulwear.co\/pl\/wp-json\/wp\/v2\/product_tag?post=156"}],"curies":[{"name":"wp","href":"https:\/\/api.w.org\/{rel}","templated":true}]}}