{"id":237,"date":"2023-09-19T17:37:34","date_gmt":"2023-09-19T17:37:34","guid":{"rendered":"https:\/\/soulwear.co\/?post_type=product&#038;p=237"},"modified":"2024-10-02T14:47:55","modified_gmt":"2024-10-02T14:47:55","slug":"kimono-z-guziczkami-bezowe","status":"publish","type":"product","link":"https:\/\/soulwear.co\/pl\/produkt\/kimono-z-guziczkami-bezowe\/","title":{"rendered":"Edycja Limitowana Kimono be\u017cowe z guziczkami"},"content":{"rendered":"<p>W zestawie pasek, woreczek do paska , torba na kimono<br \/>\nMateria\u0142: 100 % tencel<\/p>\n<p>Modelka ma 1.73m wzrostu i nosi rozmiar XS\/S<br \/>\nIstnieje mo\u017cliwo\u015b\u0107 skr\u00f3cenia kimona na \u017cyczenie<\/p>\n","protected":false},"excerpt":{"rendered":"<p>W zestawie pasek, woreczek do paska , torba na kimono Materia\u0142: 100 % tencel Modelka ma 1.73m wzrostu i nosi rozmiar XS\/S Istnieje mo\u017cliwo\u015b\u0107 skr\u00f3cenia kimona na \u017cyczenie<\/p>\n","protected":false},"featured_media":239,"comment_status":"open","ping_status":"closed","template":"","meta":[],"product_cat":[16,19],"product_tag":[],"class_list":{"0":"post-237","1":"product","2":"type-product","3":"status-publish","4":"has-post-thumbnail","6":"product_cat-woman","7":"product_cat-kimono","9":"first","10":"instock","11":"shipping-taxable","12":"purchasable","13":"product-type-simple"},"_links":{"self":[{"href":"https:\/\/soulwear.co\/pl\/wp-json\/wp\/v2\/product\/237"}],"collection":[{"href":"https:\/\/soulwear.co\/pl\/wp-json\/wp\/v2\/product"}],"about":[{"href":"https:\/\/soulwear.co\/pl\/wp-json\/wp\/v2\/types\/product"}],"replies":[{"embeddable":true,"href":"https:\/\/soulwear.co\/pl\/wp-json\/wp\/v2\/comments?post=237"}],"wp:featuredmedia":[{"embeddable":true,"href":"https:\/\/soulwear.co\/pl\/wp-json\/wp\/v2\/media\/239"}],"wp:attachment":[{"href":"https:\/\/soulwear.co\/pl\/wp-json\/wp\/v2\/media?parent=237"}],"wp:term":[{"taxonomy":"product_cat","embeddable":true,"href":"https:\/\/soulwear.co\/pl\/wp-json\/wp\/v2\/product_cat?post=237"},{"taxonomy":"product_tag","embeddable":true,"href":"https:\/\/soulwear.co\/pl\/wp-json\/wp\/v2\/product_tag?post=237"}],"curies":[{"name":"wp","href":"https:\/\/api.w.org\/{rel}","templated":true}]}}