{"id":263,"date":"2023-09-19T17:45:53","date_gmt":"2023-09-19T17:45:53","guid":{"rendered":"https:\/\/soulwear.co\/?post_type=product&#038;p=263"},"modified":"2024-10-02T14:46:19","modified_gmt":"2024-10-02T14:46:19","slug":"set-szary-dlugi-damski","status":"publish","type":"product","link":"https:\/\/soulwear.co\/pl\/produkt\/set-szary-dlugi-damski\/","title":{"rendered":"Set szary d\u0142ugi damski"},"content":{"rendered":"<p>Materia\u0142: 100% tencel<br \/>\nModelka ma 1.73m wzrostu i nosi rozmiar XS\/S<\/p>\n<p>Koszulka na rami\u0105czkach plus spodnie<br \/>\nIstnieje mo\u017cliwo\u015b\u0107 skr\u00f3cenia spodni na \u017cyczenie<\/p>\n","protected":false},"excerpt":{"rendered":"<p>Materia\u0142: 100% tencel Modelka ma 1.73m wzrostu i nosi rozmiar XS\/S Koszulka na rami\u0105czkach plus spodnie Istnieje mo\u017cliwo\u015b\u0107 skr\u00f3cenia spodni na \u017cyczenie<\/p>\n","protected":false},"featured_media":259,"comment_status":"open","ping_status":"closed","template":"","meta":[],"product_cat":[16,20],"product_tag":[],"class_list":{"0":"post-263","1":"product","2":"type-product","3":"status-publish","4":"has-post-thumbnail","6":"product_cat-woman","7":"product_cat-set","9":"first","10":"instock","11":"shipping-taxable","12":"purchasable","13":"product-type-simple"},"_links":{"self":[{"href":"https:\/\/soulwear.co\/pl\/wp-json\/wp\/v2\/product\/263"}],"collection":[{"href":"https:\/\/soulwear.co\/pl\/wp-json\/wp\/v2\/product"}],"about":[{"href":"https:\/\/soulwear.co\/pl\/wp-json\/wp\/v2\/types\/product"}],"replies":[{"embeddable":true,"href":"https:\/\/soulwear.co\/pl\/wp-json\/wp\/v2\/comments?post=263"}],"wp:featuredmedia":[{"embeddable":true,"href":"https:\/\/soulwear.co\/pl\/wp-json\/wp\/v2\/media\/259"}],"wp:attachment":[{"href":"https:\/\/soulwear.co\/pl\/wp-json\/wp\/v2\/media?parent=263"}],"wp:term":[{"taxonomy":"product_cat","embeddable":true,"href":"https:\/\/soulwear.co\/pl\/wp-json\/wp\/v2\/product_cat?post=263"},{"taxonomy":"product_tag","embeddable":true,"href":"https:\/\/soulwear.co\/pl\/wp-json\/wp\/v2\/product_tag?post=263"}],"curies":[{"name":"wp","href":"https:\/\/api.w.org\/{rel}","templated":true}]}}