{"id":264,"date":"2023-09-19T17:46:35","date_gmt":"2023-09-19T17:46:35","guid":{"rendered":"https:\/\/soulwear.co\/?post_type=product&#038;p=264"},"modified":"2023-11-19T12:39:36","modified_gmt":"2023-11-19T12:39:36","slug":"set-bezowy-krotki-damski","status":"publish","type":"product","link":"https:\/\/soulwear.co\/pl\/produkt\/set-bezowy-krotki-damski\/","title":{"rendered":"Set be\u017cowy kr\u00f3tki damski"},"content":{"rendered":"<p>Materia\u0142: 100% tencel<br \/>\nModelka ma 1.73m wzrostu i nosi rozmiar XS\/S<\/p>\n<p>Koszulka na rami\u0105czkach plus spodnie<\/p>\n","protected":false},"excerpt":{"rendered":"<p>Materia\u0142: 100% tencel Modelka ma 1.73m wzrostu i nosi rozmiar XS\/S Koszulka na rami\u0105czkach plus spodnie<\/p>\n","protected":false},"featured_media":252,"comment_status":"open","ping_status":"closed","template":"","meta":[],"product_cat":[16,20],"product_tag":[],"class_list":{"0":"post-264","1":"product","2":"type-product","3":"status-publish","4":"has-post-thumbnail","6":"product_cat-woman","7":"product_cat-set","9":"first","10":"instock","11":"shipping-taxable","12":"purchasable","13":"product-type-variable","14":"wvs-archive-product-wrapper"},"_links":{"self":[{"href":"https:\/\/soulwear.co\/pl\/wp-json\/wp\/v2\/product\/264"}],"collection":[{"href":"https:\/\/soulwear.co\/pl\/wp-json\/wp\/v2\/product"}],"about":[{"href":"https:\/\/soulwear.co\/pl\/wp-json\/wp\/v2\/types\/product"}],"replies":[{"embeddable":true,"href":"https:\/\/soulwear.co\/pl\/wp-json\/wp\/v2\/comments?post=264"}],"wp:featuredmedia":[{"embeddable":true,"href":"https:\/\/soulwear.co\/pl\/wp-json\/wp\/v2\/media\/252"}],"wp:attachment":[{"href":"https:\/\/soulwear.co\/pl\/wp-json\/wp\/v2\/media?parent=264"}],"wp:term":[{"taxonomy":"product_cat","embeddable":true,"href":"https:\/\/soulwear.co\/pl\/wp-json\/wp\/v2\/product_cat?post=264"},{"taxonomy":"product_tag","embeddable":true,"href":"https:\/\/soulwear.co\/pl\/wp-json\/wp\/v2\/product_tag?post=264"}],"curies":[{"name":"wp","href":"https:\/\/api.w.org\/{rel}","templated":true}]}}