{"id":265,"date":"2023-09-19T17:47:18","date_gmt":"2023-09-19T17:47:18","guid":{"rendered":"https:\/\/soulwear.co\/?post_type=product&#038;p=265"},"modified":"2024-10-02T14:45:04","modified_gmt":"2024-10-02T14:45:04","slug":"set-bezowy-dlugi-damski","status":"publish","type":"product","link":"https:\/\/soulwear.co\/pl\/produkt\/set-bezowy-dlugi-damski\/","title":{"rendered":"Set be\u017cowy d\u0142ugi damski"},"content":{"rendered":"<p>Materia\u0142: 100 % tencel<br \/>\nModelka ma 1.73m wzrostu i nosi rozmiar XS\/S<\/p>\n<p>Koszulka na rami\u0105czkach plus spodnie<br \/>\nIstnieje mo\u017cliwo\u015b\u0107 skr\u00f3cenia spodni na \u017cyczenie<\/p>\n","protected":false},"excerpt":{"rendered":"<p>Materia\u0142: 100 % tencel Modelka ma 1.73m wzrostu i nosi rozmiar XS\/S Koszulka na rami\u0105czkach plus spodnie Istnieje mo\u017cliwo\u015b\u0107 skr\u00f3cenia spodni na \u017cyczenie<\/p>\n","protected":false},"featured_media":255,"comment_status":"open","ping_status":"closed","template":"","meta":[],"product_cat":[16,20],"product_tag":[],"class_list":{"0":"post-265","1":"product","2":"type-product","3":"status-publish","4":"has-post-thumbnail","6":"product_cat-woman","7":"product_cat-set","9":"first","10":"instock","11":"shipping-taxable","12":"purchasable","13":"product-type-simple"},"_links":{"self":[{"href":"https:\/\/soulwear.co\/pl\/wp-json\/wp\/v2\/product\/265"}],"collection":[{"href":"https:\/\/soulwear.co\/pl\/wp-json\/wp\/v2\/product"}],"about":[{"href":"https:\/\/soulwear.co\/pl\/wp-json\/wp\/v2\/types\/product"}],"replies":[{"embeddable":true,"href":"https:\/\/soulwear.co\/pl\/wp-json\/wp\/v2\/comments?post=265"}],"wp:featuredmedia":[{"embeddable":true,"href":"https:\/\/soulwear.co\/pl\/wp-json\/wp\/v2\/media\/255"}],"wp:attachment":[{"href":"https:\/\/soulwear.co\/pl\/wp-json\/wp\/v2\/media?parent=265"}],"wp:term":[{"taxonomy":"product_cat","embeddable":true,"href":"https:\/\/soulwear.co\/pl\/wp-json\/wp\/v2\/product_cat?post=265"},{"taxonomy":"product_tag","embeddable":true,"href":"https:\/\/soulwear.co\/pl\/wp-json\/wp\/v2\/product_tag?post=265"}],"curies":[{"name":"wp","href":"https:\/\/api.w.org\/{rel}","templated":true}]}}