{"id":475,"date":"2023-10-08T14:29:04","date_gmt":"2023-10-08T14:29:04","guid":{"rendered":"https:\/\/soulwear.co\/?post_type=product&#038;p=475"},"modified":"2024-10-02T14:43:29","modified_gmt":"2024-10-02T14:43:29","slug":"kimono-z-guziczkami-czarne","status":"publish","type":"product","link":"https:\/\/soulwear.co\/pl\/produkt\/kimono-z-guziczkami-czarne\/","title":{"rendered":"Edycja Limitowana Kimono czarne z guziczkami"},"content":{"rendered":"<p>W zestawie pasek, woreczek do paska , torba na kimono<br \/>\nMateria\u0142: 100 % tencel<\/p>\n<p>Modelka ma 1.73m wzrostu i nosi rozmiar XS\/S<br \/>\nIstnieje mo\u017cliwo\u015b\u0107 skr\u00f3cenia kimona na \u017cyczenie<\/p>\n","protected":false},"excerpt":{"rendered":"<p>W zestawie pasek, woreczek do paska , torba na kimono Materia\u0142: 100 % tencel Modelka ma 1.73m wzrostu i nosi rozmiar XS\/S Istnieje mo\u017cliwo\u015b\u0107 skr\u00f3cenia kimona na \u017cyczenie<\/p>\n","protected":false},"featured_media":244,"comment_status":"open","ping_status":"closed","template":"","meta":[],"product_cat":[16,19],"product_tag":[],"class_list":{"0":"post-475","1":"product","2":"type-product","3":"status-publish","4":"has-post-thumbnail","6":"product_cat-woman","7":"product_cat-kimono","9":"first","10":"instock","11":"shipping-taxable","12":"purchasable","13":"product-type-simple"},"_links":{"self":[{"href":"https:\/\/soulwear.co\/pl\/wp-json\/wp\/v2\/product\/475"}],"collection":[{"href":"https:\/\/soulwear.co\/pl\/wp-json\/wp\/v2\/product"}],"about":[{"href":"https:\/\/soulwear.co\/pl\/wp-json\/wp\/v2\/types\/product"}],"replies":[{"embeddable":true,"href":"https:\/\/soulwear.co\/pl\/wp-json\/wp\/v2\/comments?post=475"}],"wp:featuredmedia":[{"embeddable":true,"href":"https:\/\/soulwear.co\/pl\/wp-json\/wp\/v2\/media\/244"}],"wp:attachment":[{"href":"https:\/\/soulwear.co\/pl\/wp-json\/wp\/v2\/media?parent=475"}],"wp:term":[{"taxonomy":"product_cat","embeddable":true,"href":"https:\/\/soulwear.co\/pl\/wp-json\/wp\/v2\/product_cat?post=475"},{"taxonomy":"product_tag","embeddable":true,"href":"https:\/\/soulwear.co\/pl\/wp-json\/wp\/v2\/product_tag?post=475"}],"curies":[{"name":"wp","href":"https:\/\/api.w.org\/{rel}","templated":true}]}}